{"id":302,"date":"2021-01-31T13:52:53","date_gmt":"2021-01-31T10:52:53","guid":{"rendered":"https:\/\/azmed.tech\/?page_id=302"},"modified":"2021-02-17T13:04:01","modified_gmt":"2021-02-17T09:04:01","slug":"elaqe","status":"publish","type":"page","link":"https:\/\/azmed.tech\/en_us\/elaqe\/","title":{"rendered":"CONTACT"},"content":{"rendered":"\n\n\n<p><strong><br>Address :<\/strong>\u00a0<br>39 Gandja Avenue, Baku AZ1121, Azerbaijan<\/p>\n\n\n\n<pre id=\"tw-target-text\" class=\"wp-block-preformatted\"><strong><strong>Phone<\/strong><\/strong>\n+994 12 379 12 07 <\/pre>\n\n\n\n<p><strong>Mail :<\/strong>\u00a0<br>info@azmed.tech<\/p>\n\n\n\n<div class=\"wp-block-contact-form-7-contact-form-selector\"><div role=\"form\" class=\"wpcf7\" id=\"wpcf7-f10-o1\" lang=\"tr-TR\" dir=\"ltr\">\n<div class=\"screen-reader-response\"><p role=\"status\" aria-live=\"polite\" aria-atomic=\"true\"><\/p> <ul><\/ul><\/div>\n<form action=\"\/en_us\/wp-json\/wp\/v2\/pages\/302#wpcf7-f10-o1\" method=\"post\" class=\"wpcf7-form init\" novalidate=\"novalidate\" data-status=\"init\">\n<div style=\"display: none;\">\n<input type=\"hidden\" name=\"_wpcf7\" value=\"10\" \/>\n<input type=\"hidden\" name=\"_wpcf7_version\" value=\"5.4.2\" \/>\n<input type=\"hidden\" name=\"_wpcf7_locale\" value=\"tr_TR\" \/>\n<input type=\"hidden\" name=\"_wpcf7_unit_tag\" value=\"wpcf7-f10-o1\" \/>\n<input type=\"hidden\" name=\"_wpcf7_container_post\" value=\"0\" \/>\n<input type=\"hidden\" name=\"_wpcf7_posted_data_hash\" value=\"\" \/>\n<\/div>\n<p><label> Ad\u0131n\u0131z<br \/>\n    <span class=\"wpcf7-form-control-wrap your-name\"><input type=\"text\" name=\"your-name\" value=\"\" size=\"40\" class=\"wpcf7-form-control wpcf7-text wpcf7-validates-as-required\" aria-required=\"true\" aria-invalid=\"false\" \/><\/span> <\/label><\/p>\n<p><label> E-mail adresiniz<br \/>\n    <span class=\"wpcf7-form-control-wrap your-email\"><input type=\"email\" name=\"your-email\" value=\"\" size=\"40\" class=\"wpcf7-form-control wpcf7-text wpcf7-email wpcf7-validates-as-required wpcf7-validates-as-email\" aria-required=\"true\" aria-invalid=\"false\" \/><\/span> <\/label><\/p>\n<p><label> M\u00f6vzu<br \/>\n    <span class=\"wpcf7-form-control-wrap your-subject\"><input type=\"text\" name=\"your-subject\" value=\"\" size=\"40\" class=\"wpcf7-form-control wpcf7-text wpcf7-validates-as-required\" aria-required=\"true\" aria-invalid=\"false\" \/><\/span> <\/label><\/p>\n<p><label> Mesaj\u0131n\u0131z (tercihe ba\u011fl\u0131)<br \/>\n    <span class=\"wpcf7-form-control-wrap your-message\"><textarea name=\"your-message\" cols=\"40\" rows=\"10\" class=\"wpcf7-form-control wpcf7-textarea\" aria-invalid=\"false\"><\/textarea><\/span> <\/label><\/p>\n<p><input type=\"submit\" value=\"G\u00f6nd\u0259r\" class=\"wpcf7-form-control wpcf7-submit\" \/><\/p>\n<div class=\"wpcf7-response-output\" aria-hidden=\"true\"><\/div><\/form><\/div><\/div>\n","protected":false},"excerpt":{"rendered":"<p>Address :\u00a039 Gandja Avenue, Baku AZ1121, Azerbaijan Phone +994 12 379 12 07 Mail :\u00a0info@azmed.tech<\/p>\n","protected":false},"author":1,"featured_media":305,"parent":0,"menu_order":0,"comment_status":"closed","ping_status":"closed","template":"","meta":{"footnotes":""},"yoast_head":"<!-- This site is optimized with the Yoast SEO plugin v16.7 - https:\/\/yoast.com\/wordpress\/plugins\/seo\/ -->\n<title>CONTACT - Medical<\/title>\n<meta name=\"robots\" content=\"index, follow, max-snippet:-1, max-image-preview:large, max-video-preview:-1\" \/>\n<link rel=\"canonical\" href=\"https:\/\/azmed.tech\/elaqe\/\" \/>\n<meta property=\"og:locale\" content=\"en_US\" \/>\n<meta property=\"og:type\" content=\"article\" \/>\n<meta property=\"og:title\" content=\"CONTACT - Medical\" \/>\n<meta property=\"og:description\" content=\"Address :\u00a039 Gandja Avenue, Baku AZ1121, Azerbaijan Phone +994 12 379 12 07 Mail :\u00a0info@azmed.tech\" \/>\n<meta property=\"og:url\" content=\"https:\/\/azmed.tech\/elaqe\/\" \/>\n<meta property=\"og:site_name\" content=\"Medical\" \/>\n<meta property=\"article:modified_time\" content=\"2021-02-17T09:04:01+00:00\" \/>\n<meta property=\"og:image\" content=\"https:\/\/azmed.tech\/wp-content\/uploads\/2021\/01\/contact-us.png\" \/>\n\t<meta property=\"og:image:width\" content=\"1304\" \/>\n\t<meta property=\"og:image:height\" content=\"500\" \/>\n<meta name=\"twitter:card\" content=\"summary_large_image\" \/>\n<meta name=\"twitter:label1\" content=\"Est. reading time\" \/>\n\t<meta name=\"twitter:data1\" content=\"1 minute\" \/>\n<script type=\"application\/ld+json\" class=\"yoast-schema-graph\">{\"@context\":\"https:\/\/schema.org\",\"@graph\":[{\"@type\":\"WebSite\",\"@id\":\"https:\/\/azmed.tech\/#website\",\"url\":\"https:\/\/azmed.tech\/\",\"name\":\"Medical\",\"description\":\"Sale and repair of medical equipment\",\"potentialAction\":[{\"@type\":\"SearchAction\",\"target\":{\"@type\":\"EntryPoint\",\"urlTemplate\":\"https:\/\/azmed.tech\/?s={search_term_string}\"},\"query-input\":\"required name=search_term_string\"}],\"inLanguage\":\"en-US\"},{\"@type\":\"ImageObject\",\"@id\":\"https:\/\/azmed.tech\/elaqe\/#primaryimage\",\"inLanguage\":\"en-US\",\"url\":\"https:\/\/azmed.tech\/wp-content\/uploads\/2021\/01\/contact-us.png\",\"contentUrl\":\"https:\/\/azmed.tech\/wp-content\/uploads\/2021\/01\/contact-us.png\",\"width\":1304,\"height\":500,\"caption\":\"AzmedTech elaqe\"},{\"@type\":\"WebPage\",\"@id\":\"https:\/\/azmed.tech\/elaqe\/#webpage\",\"url\":\"https:\/\/azmed.tech\/elaqe\/\",\"name\":\"CONTACT - Medical\",\"isPartOf\":{\"@id\":\"https:\/\/azmed.tech\/#website\"},\"primaryImageOfPage\":{\"@id\":\"https:\/\/azmed.tech\/elaqe\/#primaryimage\"},\"datePublished\":\"2021-01-31T10:52:53+00:00\",\"dateModified\":\"2021-02-17T09:04:01+00:00\",\"breadcrumb\":{\"@id\":\"https:\/\/azmed.tech\/elaqe\/#breadcrumb\"},\"inLanguage\":\"en-US\",\"potentialAction\":[{\"@type\":\"ReadAction\",\"target\":[\"https:\/\/azmed.tech\/elaqe\/\"]}]},{\"@type\":\"BreadcrumbList\",\"@id\":\"https:\/\/azmed.tech\/elaqe\/#breadcrumb\",\"itemListElement\":[{\"@type\":\"ListItem\",\"position\":1,\"name\":\"Anasayfa\",\"item\":\"https:\/\/azmed.tech\/\"},{\"@type\":\"ListItem\",\"position\":2,\"name\":\"\\u018flaq\\u0259\"}]}]}<\/script>\n<!-- \/ Yoast SEO plugin. -->","yoast_head_json":{"title":"CONTACT - Medical","robots":{"index":"index","follow":"follow","max-snippet":"max-snippet:-1","max-image-preview":"max-image-preview:large","max-video-preview":"max-video-preview:-1"},"canonical":"https:\/\/azmed.tech\/elaqe\/","og_locale":"en_US","og_type":"article","og_title":"CONTACT - Medical","og_description":"Address :\u00a039 Gandja Avenue, Baku AZ1121, Azerbaijan Phone +994 12 379 12 07 Mail :\u00a0info@azmed.tech","og_url":"https:\/\/azmed.tech\/elaqe\/","og_site_name":"Medical","article_modified_time":"2021-02-17T09:04:01+00:00","og_image":[{"width":1304,"height":500,"url":"https:\/\/azmed.tech\/wp-content\/uploads\/2021\/01\/contact-us.png","path":"\/home\/u472595401\/domains\/azmed.tech\/public_html\/wp-content\/uploads\/2021\/01\/contact-us.png","size":"full","id":305,"alt":"AzmedTech elaqe","pixels":652000,"type":"image\/png"}],"twitter_card":"summary_large_image","twitter_misc":{"Est. reading time":"1 minute"},"schema":{"@context":"https:\/\/schema.org","@graph":[{"@type":"WebSite","@id":"https:\/\/azmed.tech\/#website","url":"https:\/\/azmed.tech\/","name":"Medical","description":"Sale and repair of medical equipment","potentialAction":[{"@type":"SearchAction","target":{"@type":"EntryPoint","urlTemplate":"https:\/\/azmed.tech\/?s={search_term_string}"},"query-input":"required name=search_term_string"}],"inLanguage":"en-US"},{"@type":"ImageObject","@id":"https:\/\/azmed.tech\/elaqe\/#primaryimage","inLanguage":"en-US","url":"https:\/\/azmed.tech\/wp-content\/uploads\/2021\/01\/contact-us.png","contentUrl":"https:\/\/azmed.tech\/wp-content\/uploads\/2021\/01\/contact-us.png","width":1304,"height":500,"caption":"AzmedTech elaqe"},{"@type":"WebPage","@id":"https:\/\/azmed.tech\/elaqe\/#webpage","url":"https:\/\/azmed.tech\/elaqe\/","name":"CONTACT - Medical","isPartOf":{"@id":"https:\/\/azmed.tech\/#website"},"primaryImageOfPage":{"@id":"https:\/\/azmed.tech\/elaqe\/#primaryimage"},"datePublished":"2021-01-31T10:52:53+00:00","dateModified":"2021-02-17T09:04:01+00:00","breadcrumb":{"@id":"https:\/\/azmed.tech\/elaqe\/#breadcrumb"},"inLanguage":"en-US","potentialAction":[{"@type":"ReadAction","target":["https:\/\/azmed.tech\/elaqe\/"]}]},{"@type":"BreadcrumbList","@id":"https:\/\/azmed.tech\/elaqe\/#breadcrumb","itemListElement":[{"@type":"ListItem","position":1,"name":"Anasayfa","item":"https:\/\/azmed.tech\/"},{"@type":"ListItem","position":2,"name":"\u018flaq\u0259"}]}]}},"_links":{"self":[{"href":"https:\/\/azmed.tech\/en_us\/wp-json\/wp\/v2\/pages\/302"}],"collection":[{"href":"https:\/\/azmed.tech\/en_us\/wp-json\/wp\/v2\/pages"}],"about":[{"href":"https:\/\/azmed.tech\/en_us\/wp-json\/wp\/v2\/types\/page"}],"author":[{"embeddable":true,"href":"https:\/\/azmed.tech\/en_us\/wp-json\/wp\/v2\/users\/1"}],"replies":[{"embeddable":true,"href":"https:\/\/azmed.tech\/en_us\/wp-json\/wp\/v2\/comments?post=302"}],"version-history":[{"count":12,"href":"https:\/\/azmed.tech\/en_us\/wp-json\/wp\/v2\/pages\/302\/revisions"}],"predecessor-version":[{"id":391,"href":"https:\/\/azmed.tech\/en_us\/wp-json\/wp\/v2\/pages\/302\/revisions\/391"}],"wp:featuredmedia":[{"embeddable":true,"href":"https:\/\/azmed.tech\/en_us\/wp-json\/wp\/v2\/media\/305"}],"wp:attachment":[{"href":"https:\/\/azmed.tech\/en_us\/wp-json\/wp\/v2\/media?parent=302"}],"curies":[{"name":"wp","href":"https:\/\/api.w.org\/{rel}","templated":true}]}}