{"id":302,"date":"2021-01-31T13:52:53","date_gmt":"2021-01-31T10:52:53","guid":{"rendered":"https:\/\/azmed.tech\/?page_id=302"},"modified":"2021-02-17T13:04:01","modified_gmt":"2021-02-17T09:04:01","slug":"elaqe","status":"publish","type":"page","link":"https:\/\/azmed.tech\/ru_ru\/elaqe\/","title":{"rendered":"\u0421\u0432\u044f\u0437\u0430\u0442\u044c\u0441\u044f \u0441 \u043d\u0430\u043c\u0438"},"content":{"rendered":"\n<iframe loading=\"lazy\" src=\"https:\/\/www.google.com\/maps\/embed?pb=!1m18!1m12!1m3!1d3039.9527968881002!2d49.95885613553963!3d40.36557099277185!2m3!1f0!2f0!3f0!3m2!1i1024!2i768!4f13.1!3m3!1m2!1s0x403064ae1870a6dd%3A0xa8180d4a91c0fafd!2zR8mZbmPJmSBwcm9zcGVrdGksIEJha8SxLCBBesmZcmJheWNhbg!5e0!3m2!1saz!2s!4v1612090342259!5m2!1saz!2s\" width=\"600\" height=\"450\" frameborder=\"0\" style=\"border:0;\" allowfullscreen=\"\" aria-hidden=\"false\" tabindex=\"0\"><\/iframe>\n\n\n\n<p><strong><br>\u0410\u0434\u0440\u0435\u0441 :<\/strong><br>\u041f\u0440\u043e\u0441\u043f\u0435\u043a\u0442 \u0413\u044f\u043d\u0434\u0436\u0430 39, \u0433\u043e\u0440\u043e\u0434 \u0411\u0430\u043a\u0443 AZ1121, \u0410\u0437\u0435\u0440\u0431\u0430\u0439\u0434\u0436\u0430\u043d <\/p>\n\n\n\n<p id=\"tw-target-text\"><strong>\u0422\u0435\u043b\u0435\u0444\u043e\u043d<\/strong> :<br>+994 12 379 12 07 <\/p>\n\n\n\n<p><strong>\u042d\u043b\u0435\u043a\u0442\u0440\u043e\u043d\u043d\u0430\u044f \u043f\u043e<\/strong>\u0447\u0442\u0430 :<br>info@azmed.tech<\/p>\n\n\n\n<div class=\"wp-block-contact-form-7-contact-form-selector\"><div role=\"form\" class=\"wpcf7\" id=\"wpcf7-f10-o1\" lang=\"tr-TR\" dir=\"ltr\">\n<div class=\"screen-reader-response\"><p role=\"status\" aria-live=\"polite\" aria-atomic=\"true\"><\/p> <ul><\/ul><\/div>\n<form action=\"\/ru_ru\/wp-json\/wp\/v2\/pages\/302#wpcf7-f10-o1\" method=\"post\" class=\"wpcf7-form init\" novalidate=\"novalidate\" data-status=\"init\">\n<div style=\"display: none;\">\n<input type=\"hidden\" name=\"_wpcf7\" value=\"10\" \/>\n<input type=\"hidden\" name=\"_wpcf7_version\" value=\"5.4.2\" \/>\n<input type=\"hidden\" name=\"_wpcf7_locale\" value=\"tr_TR\" \/>\n<input type=\"hidden\" name=\"_wpcf7_unit_tag\" value=\"wpcf7-f10-o1\" \/>\n<input type=\"hidden\" name=\"_wpcf7_container_post\" value=\"0\" \/>\n<input type=\"hidden\" name=\"_wpcf7_posted_data_hash\" value=\"\" \/>\n<\/div>\n<p><label> Ad\u0131n\u0131z<br \/>\n    <span class=\"wpcf7-form-control-wrap your-name\"><input type=\"text\" name=\"your-name\" value=\"\" size=\"40\" class=\"wpcf7-form-control wpcf7-text wpcf7-validates-as-required\" aria-required=\"true\" aria-invalid=\"false\" \/><\/span> <\/label><\/p>\n<p><label> E-mail adresiniz<br \/>\n    <span class=\"wpcf7-form-control-wrap your-email\"><input type=\"email\" name=\"your-email\" value=\"\" size=\"40\" class=\"wpcf7-form-control wpcf7-text wpcf7-email wpcf7-validates-as-required wpcf7-validates-as-email\" aria-required=\"true\" aria-invalid=\"false\" \/><\/span> <\/label><\/p>\n<p><label> M\u00f6vzu<br \/>\n    <span class=\"wpcf7-form-control-wrap your-subject\"><input type=\"text\" name=\"your-subject\" value=\"\" size=\"40\" class=\"wpcf7-form-control wpcf7-text wpcf7-validates-as-required\" aria-required=\"true\" aria-invalid=\"false\" \/><\/span> <\/label><\/p>\n<p><label> Mesaj\u0131n\u0131z (tercihe ba\u011fl\u0131)<br \/>\n    <span class=\"wpcf7-form-control-wrap your-message\"><textarea name=\"your-message\" cols=\"40\" rows=\"10\" class=\"wpcf7-form-control wpcf7-textarea\" aria-invalid=\"false\"><\/textarea><\/span> <\/label><\/p>\n<p><input type=\"submit\" value=\"G\u00f6nd\u0259r\" class=\"wpcf7-form-control wpcf7-submit\" \/><\/p>\n<div class=\"wpcf7-response-output\" aria-hidden=\"true\"><\/div><\/form><\/div><\/div>\n","protected":false},"excerpt":{"rendered":"<p>\u0410\u0434\u0440\u0435\u0441 :\u041f\u0440\u043e\u0441\u043f\u0435\u043a\u0442 \u0413\u044f\u043d\u0434\u0436\u0430 39, \u0433\u043e\u0440\u043e\u0434 \u0411\u0430\u043a\u0443 AZ1121, \u0410\u0437\u0435\u0440\u0431\u0430\u0439\u0434\u0436\u0430\u043d \u0422\u0435\u043b\u0435\u0444\u043e\u043d :+994 12 379 12 07 \u042d\u043b\u0435\u043a\u0442\u0440\u043e\u043d\u043d\u0430\u044f \u043f\u043e\u0447\u0442\u0430 :info@azmed.tech<\/p>\n","protected":false},"author":1,"featured_media":305,"parent":0,"menu_order":0,"comment_status":"closed","ping_status":"closed","template":"","meta":{"footnotes":""},"yoast_head":"<!-- This site is optimized with the Yoast SEO plugin v16.7 - https:\/\/yoast.com\/wordpress\/plugins\/seo\/ -->\n<title>\u0421\u0432\u044f\u0437\u0430\u0442\u044c\u0441\u044f \u0441 \u043d\u0430\u043c\u0438 - \u041c\u0435\u0434\u0438\u0446\u0438\u043d\u0441\u043a\u043e\u0435<\/title>\n<meta name=\"robots\" content=\"index, follow, max-snippet:-1, max-image-preview:large, max-video-preview:-1\" \/>\n<link rel=\"canonical\" href=\"https:\/\/azmed.tech\/elaqe\/\" \/>\n<meta property=\"og:locale\" content=\"ru_RU\" \/>\n<meta property=\"og:type\" content=\"article\" \/>\n<meta property=\"og:title\" content=\"\u0421\u0432\u044f\u0437\u0430\u0442\u044c\u0441\u044f \u0441 \u043d\u0430\u043c\u0438 - \u041c\u0435\u0434\u0438\u0446\u0438\u043d\u0441\u043a\u043e\u0435\" \/>\n<meta property=\"og:description\" content=\"\u0410\u0434\u0440\u0435\u0441 :\u041f\u0440\u043e\u0441\u043f\u0435\u043a\u0442 \u0413\u044f\u043d\u0434\u0436\u0430 39, \u0433\u043e\u0440\u043e\u0434 \u0411\u0430\u043a\u0443 AZ1121, \u0410\u0437\u0435\u0440\u0431\u0430\u0439\u0434\u0436\u0430\u043d \u0422\u0435\u043b\u0435\u0444\u043e\u043d :+994 12 379 12 07 \u042d\u043b\u0435\u043a\u0442\u0440\u043e\u043d\u043d\u0430\u044f \u043f\u043e\u0447\u0442\u0430 :info@azmed.tech\" \/>\n<meta property=\"og:url\" content=\"https:\/\/azmed.tech\/elaqe\/\" \/>\n<meta property=\"og:site_name\" content=\"\u041c\u0435\u0434\u0438\u0446\u0438\u043d\u0441\u043a\u043e\u0435\" \/>\n<meta property=\"article:modified_time\" content=\"2021-02-17T09:04:01+00:00\" \/>\n<meta property=\"og:image\" content=\"https:\/\/azmed.tech\/wp-content\/uploads\/2021\/01\/contact-us.png\" \/>\n\t<meta property=\"og:image:width\" content=\"1304\" \/>\n\t<meta property=\"og:image:height\" content=\"500\" \/>\n<meta name=\"twitter:card\" content=\"summary_large_image\" \/>\n<meta name=\"twitter:label1\" content=\"\u041f\u0440\u0438\u043c\u0435\u0440\u043d\u043e\u0435 \u0432\u0440\u0435\u043c\u044f \u0434\u043b\u044f \u0447\u0442\u0435\u043d\u0438\u044f\" \/>\n\t<meta name=\"twitter:data1\" content=\"1 \u043c\u0438\u043d\u0443\u0442\u0430\" \/>\n<script type=\"application\/ld+json\" class=\"yoast-schema-graph\">{\"@context\":\"https:\/\/schema.org\",\"@graph\":[{\"@type\":\"WebSite\",\"@id\":\"https:\/\/azmed.tech\/#website\",\"url\":\"https:\/\/azmed.tech\/\",\"name\":\"\\u041c\\u0435\\u0434\\u0438\\u0446\\u0438\\u043d\\u0441\\u043a\\u043e\\u0435\",\"description\":\"\\u041f\\u0440\\u043e\\u0434\\u0430\\u0436\\u0430 \\u0438 \\u0440\\u0435\\u043c\\u043e\\u043d\\u0442 \\u043c\\u0435\\u0434\\u0438\\u0446\\u0438\\u043d\\u0441\\u043a\\u043e\\u0433\\u043e \\u043e\\u0431\\u043e\\u0440\\u0443\\u0434\\u043e\\u0432\\u0430\\u043d\\u0438\\u044f\",\"potentialAction\":[{\"@type\":\"SearchAction\",\"target\":{\"@type\":\"EntryPoint\",\"urlTemplate\":\"https:\/\/azmed.tech\/?s={search_term_string}\"},\"query-input\":\"required name=search_term_string\"}],\"inLanguage\":\"ru-RU\"},{\"@type\":\"ImageObject\",\"@id\":\"https:\/\/azmed.tech\/elaqe\/#primaryimage\",\"inLanguage\":\"ru-RU\",\"url\":\"https:\/\/azmed.tech\/wp-content\/uploads\/2021\/01\/contact-us.png\",\"contentUrl\":\"https:\/\/azmed.tech\/wp-content\/uploads\/2021\/01\/contact-us.png\",\"width\":1304,\"height\":500,\"caption\":\"AzmedTech elaqe\"},{\"@type\":\"WebPage\",\"@id\":\"https:\/\/azmed.tech\/elaqe\/#webpage\",\"url\":\"https:\/\/azmed.tech\/elaqe\/\",\"name\":\"\\u0421\\u0432\\u044f\\u0437\\u0430\\u0442\\u044c\\u0441\\u044f \\u0441 \\u043d\\u0430\\u043c\\u0438 - \\u041c\\u0435\\u0434\\u0438\\u0446\\u0438\\u043d\\u0441\\u043a\\u043e\\u0435\",\"isPartOf\":{\"@id\":\"https:\/\/azmed.tech\/#website\"},\"primaryImageOfPage\":{\"@id\":\"https:\/\/azmed.tech\/elaqe\/#primaryimage\"},\"datePublished\":\"2021-01-31T10:52:53+00:00\",\"dateModified\":\"2021-02-17T09:04:01+00:00\",\"breadcrumb\":{\"@id\":\"https:\/\/azmed.tech\/elaqe\/#breadcrumb\"},\"inLanguage\":\"ru-RU\",\"potentialAction\":[{\"@type\":\"ReadAction\",\"target\":[\"https:\/\/azmed.tech\/elaqe\/\"]}]},{\"@type\":\"BreadcrumbList\",\"@id\":\"https:\/\/azmed.tech\/elaqe\/#breadcrumb\",\"itemListElement\":[{\"@type\":\"ListItem\",\"position\":1,\"name\":\"Anasayfa\",\"item\":\"https:\/\/azmed.tech\/\"},{\"@type\":\"ListItem\",\"position\":2,\"name\":\"\\u018flaq\\u0259\"}]}]}<\/script>\n<!-- \/ Yoast SEO plugin. -->","yoast_head_json":{"title":"\u0421\u0432\u044f\u0437\u0430\u0442\u044c\u0441\u044f \u0441 \u043d\u0430\u043c\u0438 - \u041c\u0435\u0434\u0438\u0446\u0438\u043d\u0441\u043a\u043e\u0435","robots":{"index":"index","follow":"follow","max-snippet":"max-snippet:-1","max-image-preview":"max-image-preview:large","max-video-preview":"max-video-preview:-1"},"canonical":"https:\/\/azmed.tech\/elaqe\/","og_locale":"ru_RU","og_type":"article","og_title":"\u0421\u0432\u044f\u0437\u0430\u0442\u044c\u0441\u044f \u0441 \u043d\u0430\u043c\u0438 - \u041c\u0435\u0434\u0438\u0446\u0438\u043d\u0441\u043a\u043e\u0435","og_description":"\u0410\u0434\u0440\u0435\u0441 :\u041f\u0440\u043e\u0441\u043f\u0435\u043a\u0442 \u0413\u044f\u043d\u0434\u0436\u0430 39, \u0433\u043e\u0440\u043e\u0434 \u0411\u0430\u043a\u0443 AZ1121, \u0410\u0437\u0435\u0440\u0431\u0430\u0439\u0434\u0436\u0430\u043d \u0422\u0435\u043b\u0435\u0444\u043e\u043d :+994 12 379 12 07 \u042d\u043b\u0435\u043a\u0442\u0440\u043e\u043d\u043d\u0430\u044f \u043f\u043e\u0447\u0442\u0430 :info@azmed.tech","og_url":"https:\/\/azmed.tech\/elaqe\/","og_site_name":"\u041c\u0435\u0434\u0438\u0446\u0438\u043d\u0441\u043a\u043e\u0435","article_modified_time":"2021-02-17T09:04:01+00:00","og_image":[{"width":1304,"height":500,"url":"https:\/\/azmed.tech\/wp-content\/uploads\/2021\/01\/contact-us.png","path":"\/home\/u472595401\/domains\/azmed.tech\/public_html\/wp-content\/uploads\/2021\/01\/contact-us.png","size":"full","id":305,"alt":"AzmedTech elaqe","pixels":652000,"type":"image\/png"}],"twitter_card":"summary_large_image","twitter_misc":{"\u041f\u0440\u0438\u043c\u0435\u0440\u043d\u043e\u0435 \u0432\u0440\u0435\u043c\u044f \u0434\u043b\u044f \u0447\u0442\u0435\u043d\u0438\u044f":"1 \u043c\u0438\u043d\u0443\u0442\u0430"},"schema":{"@context":"https:\/\/schema.org","@graph":[{"@type":"WebSite","@id":"https:\/\/azmed.tech\/#website","url":"https:\/\/azmed.tech\/","name":"\u041c\u0435\u0434\u0438\u0446\u0438\u043d\u0441\u043a\u043e\u0435","description":"\u041f\u0440\u043e\u0434\u0430\u0436\u0430 \u0438 \u0440\u0435\u043c\u043e\u043d\u0442 \u043c\u0435\u0434\u0438\u0446\u0438\u043d\u0441\u043a\u043e\u0433\u043e \u043e\u0431\u043e\u0440\u0443\u0434\u043e\u0432\u0430\u043d\u0438\u044f","potentialAction":[{"@type":"SearchAction","target":{"@type":"EntryPoint","urlTemplate":"https:\/\/azmed.tech\/?s={search_term_string}"},"query-input":"required name=search_term_string"}],"inLanguage":"ru-RU"},{"@type":"ImageObject","@id":"https:\/\/azmed.tech\/elaqe\/#primaryimage","inLanguage":"ru-RU","url":"https:\/\/azmed.tech\/wp-content\/uploads\/2021\/01\/contact-us.png","contentUrl":"https:\/\/azmed.tech\/wp-content\/uploads\/2021\/01\/contact-us.png","width":1304,"height":500,"caption":"AzmedTech elaqe"},{"@type":"WebPage","@id":"https:\/\/azmed.tech\/elaqe\/#webpage","url":"https:\/\/azmed.tech\/elaqe\/","name":"\u0421\u0432\u044f\u0437\u0430\u0442\u044c\u0441\u044f \u0441 \u043d\u0430\u043c\u0438 - \u041c\u0435\u0434\u0438\u0446\u0438\u043d\u0441\u043a\u043e\u0435","isPartOf":{"@id":"https:\/\/azmed.tech\/#website"},"primaryImageOfPage":{"@id":"https:\/\/azmed.tech\/elaqe\/#primaryimage"},"datePublished":"2021-01-31T10:52:53+00:00","dateModified":"2021-02-17T09:04:01+00:00","breadcrumb":{"@id":"https:\/\/azmed.tech\/elaqe\/#breadcrumb"},"inLanguage":"ru-RU","potentialAction":[{"@type":"ReadAction","target":["https:\/\/azmed.tech\/elaqe\/"]}]},{"@type":"BreadcrumbList","@id":"https:\/\/azmed.tech\/elaqe\/#breadcrumb","itemListElement":[{"@type":"ListItem","position":1,"name":"Anasayfa","item":"https:\/\/azmed.tech\/"},{"@type":"ListItem","position":2,"name":"\u018flaq\u0259"}]}]}},"_links":{"self":[{"href":"https:\/\/azmed.tech\/ru_ru\/wp-json\/wp\/v2\/pages\/302"}],"collection":[{"href":"https:\/\/azmed.tech\/ru_ru\/wp-json\/wp\/v2\/pages"}],"about":[{"href":"https:\/\/azmed.tech\/ru_ru\/wp-json\/wp\/v2\/types\/page"}],"author":[{"embeddable":true,"href":"https:\/\/azmed.tech\/ru_ru\/wp-json\/wp\/v2\/users\/1"}],"replies":[{"embeddable":true,"href":"https:\/\/azmed.tech\/ru_ru\/wp-json\/wp\/v2\/comments?post=302"}],"version-history":[{"count":12,"href":"https:\/\/azmed.tech\/ru_ru\/wp-json\/wp\/v2\/pages\/302\/revisions"}],"predecessor-version":[{"id":391,"href":"https:\/\/azmed.tech\/ru_ru\/wp-json\/wp\/v2\/pages\/302\/revisions\/391"}],"wp:featuredmedia":[{"embeddable":true,"href":"https:\/\/azmed.tech\/ru_ru\/wp-json\/wp\/v2\/media\/305"}],"wp:attachment":[{"href":"https:\/\/azmed.tech\/ru_ru\/wp-json\/wp\/v2\/media?parent=302"}],"curies":[{"name":"wp","href":"https:\/\/api.w.org\/{rel}","templated":true}]}}